
{"id":16,"date":"2021-04-01T16:44:45","date_gmt":"2021-04-01T14:44:45","guid":{"rendered":"http:\/\/localhost\/?page_id=16"},"modified":"2025-02-26T01:13:14","modified_gmt":"2025-02-26T00:13:14","slug":"crea-il-tuo-sito-web-con-i-blocchi","status":"publish","type":"page","link":"https:\/\/d2ch-eccv.dii.univpm.it\/","title":{"rendered":"HP"},"content":{"rendered":"\n<p><\/p>\n\n\n\n<p class=\"has-text-align-center has-text-color\" style=\"color:#062a4a;font-size:24px;line-height:1.4\"><strong>Day: <\/strong><em><strong>October 24<sup>th <\/sup>2022<\/strong><\/em> (half day &#8211; morning)<strong><br>Time: TBD<br>Location: <em>Expo Tel Aviv International Convention Center <\/em><\/strong>and virtual<\/p>\n\n\n\n<p class=\"has-text-align-center has-normal-font-size\" style=\"line-height:1\">Slides, material and recorded videos will be provided on this page<\/p>\n\n\n\n<hr class=\"wp-block-separator has-css-opacity is-style-default\"\/>\n\n\n\n<p class=\"has-text-align-center has-text-color\" style=\"color:#062a4a;font-size:25px\"><strong>OVERVIEW<\/strong><\/p>\n\n\n\n<p align=\"justify\">The use of 3D point clouds for Cultural Heritage (CH) assets is becoming paramount, since they allow metric and morphological analyses impossible with the use of 2D data, better interpretation of phenomena, valorization and visualization, innovative management, development of conservation strategies, etc. <br>In the last few decades, the increasing adoption of <strong>geomatics<\/strong> techniques for data collection and processing, contributed to the massive 3D-metric documentation of the <strong>built heritage<\/strong>. However, the complexity of CH assets makes the exploitation of 3D point clouds very impervious. Moreover, the provision of massive 3D geometric information with only color attributes could hamper their full exploitation due to the lack of semantic information. Therefore the need of efficient, reliable and automated solutions for heritage point cloud classification is necessary in order to widespread the use of such kind of data among heritage conservators, restorators, managers and HBIM (Historical Building Information Modeling) experts. Towards this end, the development of Deep Learning frameworks for point clouds classification is filling this gap, proving to be a very promising, but complex, field of research. These frameworks are designed to semantically enrich point clouds based on some specific classes, quite often case-dependent. These frameworks may facilitate the recognition of historic architectural elements at an appropriate level of detail, thus speeding up the process of reconstruction of geometries in the HBIM environment, or they can automatically identify degraded areas to speed up restoration processes. <br><br>In this tutorial, we cover different Deep Learning methods for semantic segmentation tasks, providing the audience with a wide outlook upon the most recent Neural Networks. We also broaden the discussion over the more appropriate combination of hyperparameters, attempting to define a joint pipeline of work for the CH domain. Besides pre-processing and optimization techniques for CH datasets, we will also discuss the application of a specific layer designed to better capture local geometric features of point clouds, which is nowadays the more challenging task. <br>The goal is to explain the principles behind solving point cloud semantic segmentation and give practical means for engineers and researchers (whose main competences may lie elsewhere), to apply the most powerful methods that have been developed in the last years. It will be presented and practically demonstrated how to formulate and solve point cloud semantic segmentation in CH domain with freely available software that will be distributed to the participants of the tutorial.&nbsp;<\/p>\n\n\n\n<hr class=\"wp-block-separator has-css-opacity\"\/>\n\n\n\n<p class=\"has-text-align-center has-text-color\" id=\"A_Program\" style=\"color:#062a4a;font-size:25px\"><strong>PROGRAM<\/strong><em> (TBD) <\/em><\/p>\n\n\n\n<hr class=\"wp-block-separator has-css-opacity\"\/>\n\n\n\n<p class=\"has-text-align-center has-text-color\" id=\"A_Organizers\" style=\"color:#062a4a;font-size:25px\"><strong>ORGANIZERS<\/strong><\/p>\n\n\n\n<div class=\"wp-block-columns is-layout-flex wp-container-core-columns-is-layout-9d6595d7 wp-block-columns-is-layout-flex\">\n<div class=\"wp-block-column is-layout-flow wp-block-column-is-layout-flow\"><div class=\"wp-block-image is-style-rounded\">\n<figure class=\"aligncenter size-large is-resized\"><img loading=\"lazy\" decoding=\"async\" src=\"https:\/\/d2ch-eccv.dii.univpm.it\/wp-content\/uploads\/2022\/07\/andrea_felicetti.png\" alt=\"\" class=\"wp-image-475\" width=\"150\" height=\"150\" srcset=\"https:\/\/d2ch-eccv.dii.univpm.it\/wp-content\/uploads\/2022\/07\/andrea_felicetti.png 252w, https:\/\/d2ch-eccv.dii.univpm.it\/wp-content\/uploads\/2022\/07\/andrea_felicetti-150x150.png 150w\" sizes=\"auto, (max-width: 150px) 100vw, 150px\" \/><\/figure><\/div>\n\n\n<p class=\"has-text-align-center\" style=\"font-size:15px\"><a rel=\"noreferrer noopener\" href=\"https:\/\/www.diati.polito.it\/en\/personale\/scheda\/(nominativo)\/andrea.lingua\" target=\"_blank\">Andrea FELICETTI<\/a><br>Marche Polytechnic University<\/p>\n<\/div>\n\n\n\n<div class=\"wp-block-column is-layout-flow wp-block-column-is-layout-flow\"><div class=\"wp-block-image is-style-rounded\">\n<figure class=\"aligncenter size-thumbnail\"><img loading=\"lazy\" decoding=\"async\" width=\"150\" height=\"150\" src=\"https:\/\/d2ch-eccv.dii.univpm.it\/wp-content\/uploads\/2022\/07\/BenedettaGiovanola_02-scaled-1-150x150.jpg\" alt=\"\" class=\"wp-image-484\"\/><\/figure><\/div>\n\n\n<p class=\"has-text-align-center\" style=\"font-size:15px\"><a rel=\"noreferrer noopener\" href=\"https:\/\/www.diati.polito.it\/en\/personale\/scheda\/(nominativo)\/andrea.lingua\" target=\"_blank\">Benedetta GIOVANOLA<\/a><br>Macerata University<\/p>\n<\/div>\n\n\n\n<div class=\"wp-block-column is-layout-flow wp-block-column-is-layout-flow\"><div class=\"wp-block-image is-style-rounded\">\n<figure class=\"aligncenter size-thumbnail\"><img loading=\"lazy\" decoding=\"async\" width=\"150\" height=\"150\" src=\"https:\/\/d2ch-eccv.dii.univpm.it\/wp-content\/uploads\/2022\/07\/grilli-150x150.jpg\" alt=\"\" class=\"wp-image-478\" srcset=\"https:\/\/d2ch-eccv.dii.univpm.it\/wp-content\/uploads\/2022\/07\/grilli-150x150.jpg 150w, https:\/\/d2ch-eccv.dii.univpm.it\/wp-content\/uploads\/2022\/07\/grilli.jpg 225w\" sizes=\"auto, (max-width: 150px) 100vw, 150px\" \/><\/figure><\/div>\n\n\n<p class=\"has-text-align-center\"><a rel=\"noreferrer noopener\" href=\"https:\/\/3dom.fbk.eu\/people\/profile\/grilli\" data-type=\"URL\" data-id=\"https:\/\/3dom.fbk.eu\/people\/profile\/grilli\" target=\"_blank\">Eleonora <\/a><a rel=\"noreferrer noopener\" href=\"https:\/\/3dom.fbk.eu\/people\/profile\/grilli\" data-type=\"URL\" data-id=\"https:\/\/3dom.fbk.eu\/people\/profile\/grilli\" target=\"_blank\">GRILLI<\/a><br>FBK of Trento<\/p>\n<\/div>\n\n\n\n<div class=\"wp-block-column is-layout-flow wp-block-column-is-layout-flow\"><div class=\"wp-block-image is-style-rounded\">\n<figure class=\"aligncenter size-thumbnail\"><img loading=\"lazy\" decoding=\"async\" width=\"150\" height=\"150\" src=\"https:\/\/d2ch-eccv.dii.univpm.it\/wp-content\/uploads\/2021\/04\/francesca.matrone-3-150x150.jpeg\" alt=\"\" class=\"wp-image-240\"\/><\/figure><\/div>\n\n\n<p class=\"has-text-align-center\" style=\"font-size:15px\"><a href=\"https:\/\/www.diati.polito.it\/en\/personale\/scheda\/(nominativo)\/francesca.matrone\" target=\"_blank\" rel=\"noreferrer noopener\">Francesca MATRONE<\/a><br>Polytechnic of Turin<\/p>\n<\/div>\n\n\n\n<div class=\"wp-block-column is-layout-flow wp-block-column-is-layout-flow\"><div class=\"wp-block-image is-style-rounded\">\n<figure class=\"aligncenter size-large is-resized\"><img loading=\"lazy\" decoding=\"async\" src=\"https:\/\/d2ch-eccv.dii.univpm.it\/wp-content\/uploads\/2022\/07\/Marina-Paolanti.jpg\" alt=\"\" class=\"wp-image-482\" width=\"150\" height=\"150\" srcset=\"https:\/\/d2ch-eccv.dii.univpm.it\/wp-content\/uploads\/2022\/07\/Marina-Paolanti.jpg 512w, https:\/\/d2ch-eccv.dii.univpm.it\/wp-content\/uploads\/2022\/07\/Marina-Paolanti-300x300.jpg 300w, https:\/\/d2ch-eccv.dii.univpm.it\/wp-content\/uploads\/2022\/07\/Marina-Paolanti-150x150.jpg 150w\" sizes=\"auto, (max-width: 150px) 100vw, 150px\" \/><\/figure><\/div>\n\n\n<p class=\"has-text-align-center\" style=\"font-size:15px\"><a rel=\"noreferrer noopener\" href=\"https:\/\/vrai.dii.univpm.it\/marina.paolanti\" target=\"_blank\">Marina PAOLANTI<\/a><br>Macerata University<\/p>\n<\/div>\n\n\n\n<div class=\"wp-block-column is-layout-flow wp-block-column-is-layout-flow\"><div class=\"wp-block-image is-style-rounded\">\n<figure class=\"aligncenter size-large is-resized\"><img loading=\"lazy\" decoding=\"async\" src=\"https:\/\/d2ch-eccv.dii.univpm.it\/wp-content\/uploads\/2022\/07\/1582616785380.jpg\" alt=\"\" class=\"wp-image-483\" width=\"150\" height=\"150\" srcset=\"https:\/\/d2ch-eccv.dii.univpm.it\/wp-content\/uploads\/2022\/07\/1582616785380.jpg 200w, https:\/\/d2ch-eccv.dii.univpm.it\/wp-content\/uploads\/2022\/07\/1582616785380-150x150.jpg 150w\" sizes=\"auto, (max-width: 150px) 100vw, 150px\" \/><\/figure><\/div>\n\n\n<p class=\"has-text-align-center\" style=\"font-size:15px\"><a href=\"https:\/\/vrai.dii.univpm.it\/roberto.pierdicca\" target=\"_blank\" rel=\"noreferrer noopener\">Roberto PIERDICCA<\/a><br>Marche Polytechnic University<\/p>\n<\/div>\n\n\n\n<div class=\"wp-block-column is-layout-flow wp-block-column-is-layout-flow\"><div class=\"wp-block-image is-style-rounded\">\n<figure class=\"aligncenter size-thumbnail is-resized\"><img loading=\"lazy\" decoding=\"async\" src=\"https:\/\/d2ch-eccv.dii.univpm.it\/wp-content\/uploads\/2021\/04\/wang-150x150.jpeg\" alt=\"\" class=\"wp-image-243\" width=\"150\" height=\"150\" srcset=\"https:\/\/d2ch-eccv.dii.univpm.it\/wp-content\/uploads\/2021\/04\/wang-150x150.jpeg 150w, https:\/\/d2ch-eccv.dii.univpm.it\/wp-content\/uploads\/2021\/04\/wang.jpeg 200w\" sizes=\"auto, (max-width: 150px) 100vw, 150px\" \/><\/figure><\/div>\n\n\n<p class=\"has-text-align-center\" style=\"font-size:15px\"><a href=\"https:\/\/people.csail.mit.edu\/yuewang\/\" target=\"_blank\" rel=\"noreferrer noopener\">Yue WANG<\/a><br>Massachusetts Institute of Technology<\/p>\n<\/div>\n<\/div>\n\n\n\n<hr class=\"wp-block-separator has-css-opacity\"\/>\n\n\n\n<p class=\"has-text-align-center has-text-color\" style=\"color:#062a4a;font-size:25px\"><strong>INVITED SPEAKERS<\/strong><\/p>\n\n\n\n<p class=\"has-text-align-center\">TBD<\/p>\n\n\n\n<div class=\"wp-block-columns is-layout-flex wp-container-core-columns-is-layout-9d6595d7 wp-block-columns-is-layout-flex\">\n<div class=\"wp-block-column is-layout-flow wp-block-column-is-layout-flow\">\n<p class=\"has-text-align-right\" style=\"font-size:15px\"><br><br><\/p>\n<\/div>\n\n\n\n<div class=\"wp-block-column is-vertically-aligned-center is-layout-flow wp-block-column-is-layout-flow\">\n<p class=\"has-text-align-left\" style=\"font-size:15px\"><br><\/p>\n<\/div>\n<\/div>\n\n\n\n<hr class=\"wp-block-separator has-css-opacity\"\/>\n\n\n\n<p class=\"has-text-align-center has-text-color\" id=\"A_Material\" style=\"color:#062a4a;font-size:25px\"><strong>MATERIAL<\/strong><\/p>\n\n\n\n<h1>Cassinos Online no Brasil: Regulamenta\u00e7\u00e3o e Oportunidades<\/h1>\n    <p>Desde 1\u00ba de janeiro de 2025, a regulamenta\u00e7\u00e3o dos cassinos online trouxe um ambiente mais seguro e confi\u00e1vel para os jogadores brasileiros. Essa mudan\u00e7a impulsionou a economia digital e abriu portas para novos investimentos no setor.<\/p>\n    \n    <h2>Principais Benef\u00edcios da Regulamenta\u00e7\u00e3o<\/h2>\n    <p>O novo marco regulat\u00f3rio trouxe diversas melhorias, incluindo:<\/p>\n    <ul>\n        <li>Licenciamento obrigat\u00f3rio para operadores.<\/li>\n        <li>Supervis\u00e3o rigorosa para garantir transpar\u00eancia.<\/li>\n        <li>Prote\u00e7\u00e3o dos direitos dos consumidores.<\/li>\n        <li>Incentivo ao jogo respons\u00e1vel e medidas contra v\u00edcio.<\/li>\n    <\/ul>\n    \n    <h2>Por Que Jogar em Cassinos Regulamentados?<\/h2>\n    <p>A regulamenta\u00e7\u00e3o garante que os jogadores tenham acesso a:<\/p>\n    <ul>\n        <li>Plataformas seguras e auditadas regularmente.<\/li>\n        <li>Pagamentos \u00e1geis e sem riscos.<\/li>\n        <li>Promo\u00e7\u00f5es e b\u00f4nus leg\u00edtimos.<\/li>\n        <li>Atendimento ao cliente eficiente e em portugu\u00eas.<\/li>\n    <\/ul>\n    \n    <h2>Quais Jogos S\u00e3o Dispon\u00edveis?<\/h2>\n    <p>Os cassinos regulamentados oferecem uma ampla variedade de jogos, como:<\/p>\n    <ul>\n        <li><strong>Ca\u00e7a-n\u00edqueis:<\/strong> <a href=\"https:\/\/esporte.casino\">Jogos<\/a> tem\u00e1ticos com rodadas b\u00f4nus.<\/li>\n        <li><strong>P\u00f4quer:<\/strong> Salas online e torneios ao vivo.<\/li>\n        <li><strong>Blackjack:<\/strong> Op\u00e7\u00f5es cl\u00e1ssicas e modernas do jogo.<\/li>\n        <li><strong>Roleta:<\/strong> Modelos europeus, americanos e franceses.<\/li>\n        <li><strong>Jogos ao Vivo:<\/strong> Intera\u00e7\u00e3o com crupi\u00eas reais em tempo real.<\/li>\n    <\/ul>\n    \n    <h2>Como Apostar com Seguran\u00e7a?<\/h2>\n    <ol>\n        <li>Escolha apenas cassinos licenciados.<\/li>\n        <li>Defina um or\u00e7amento e mantenha controle sobre os gastos.<\/li>\n        <li>Use m\u00e9todos de pagamento seguros e confi\u00e1veis.<\/li>\n        <li>Leia os termos e condi\u00e7\u00f5es de promo\u00e7\u00f5es antes de aceit\u00e1-las.<\/li>\n        <li>Pratique o jogo respons\u00e1vel e procure ajuda se necess\u00e1rio.<\/li>\n    <\/ol>\n    \n    <h2>O Futuro dos Cassinos Online no Brasil<\/h2>\n    <p>O setor de cassinos online est\u00e1 em plena ascens\u00e3o, com inova\u00e7\u00f5es tecnol\u00f3gicas aprimorando a experi\u00eancia dos jogadores. Com a regulamenta\u00e7\u00e3o, espera-se um crescimento sustent\u00e1vel e novas oportunidades para o mercado de apostas no Brasil.<\/p>\n\n\n\n<hr class=\"wp-block-separator has-css-opacity\"\/>\n\n\n\n<p class=\"has-text-align-center has-text-color\" id=\"A_Material\" style=\"color:#062a4a;font-size:25px\"><strong>SCIENTIFIC COMMITTEE<\/strong><\/p>\n\n\n\n<p class=\"has-text-align-center\"><a rel=\"noreferrer noopener\" href=\"https:\/\/www.univpm.it\/Entra\/Engineering_1\/docname\/idsel\/175\/docname\/PAOLO%20CLINI\" target=\"_blank\">Paolo Clini<\/a> &#8211; Department of Civil Construction Engineering and Architecture (DICEA), Marche Polytechnic University<br><a rel=\"noreferrer noopener\" href=\"https:\/\/docenti.unimc.it\/emanuele.frontoni#content=funding\" data-type=\"URL\" data-id=\"https:\/\/docenti.unimc.it\/emanuele.frontoni#content=funding\" target=\"_blank\">Emanuele Frontoni<\/a> &#8211; Department of Political Sciences, Communication and International Relations, Macerata University<br><a rel=\"noreferrer noopener\" href=\"https:\/\/www.diati.polito.it\/en\/personale\/scheda\/(nominativo)\/andrea.lingua\" target=\"_blank\">Andrea Maria Lingua<\/a> &#8211; Department of Land, Infrastructure and Environmental Engineering (DIATI), Polytechnic of Turin<br><a rel=\"noreferrer noopener\" href=\"https:\/\/www.univpm.it\/Entra\/Engineering_1\/docname\/idsel\/233\/docname\/EVA%20SAVINA%20MALINVERNI\" data-type=\"URL\" data-id=\"https:\/\/www.univpm.it\/Entra\/Engineering_1\/docname\/idsel\/233\/docname\/EVA%20SAVINA%20MALINVERNI\" target=\"_blank\">Eva Savina Malinverni<\/a> &#8211; Department of Civil Construction Engineering and Architecture (DICEA), Marche Polytechnic University<br><a href=\"https:\/\/www.univpm.it\/Entra\/Engineering_1\/docname\/idsel\/732\/docname\/ADRIANO%20MANCINI\">Adriano Mancini<\/a> &#8211; Department of Information Engineering (DII), Marche Polytechnic University<br><a rel=\"noreferrer noopener\" href=\"https:\/\/3dom.fbk.eu\/people\/profile\/remondino\" data-type=\"URL\" data-id=\"https:\/\/3dom.fbk.eu\/people\/profile\/remondino\" target=\"_blank\">Fabio Remondino<\/a> &#8211; 3D Optical Metrology Unit (3DOM), Bruno Kessler Foundation<br><a href=\"https:\/\/www.univpm.it\/Entra\/Engineering_1\/docname\/idsel\/319\/docname\/PRIMO%20ZINGARETTI\" data-type=\"URL\" data-id=\"https:\/\/www.univpm.it\/Entra\/Engineering_1\/docname\/idsel\/319\/docname\/PRIMO%20ZINGARETTI\">Primo Zingaretti <\/a>&#8211; Department of Information Engineering (DII), Marche Polytechnic University<\/p>\n\n\n\n<hr class=\"wp-block-separator has-css-opacity\"\/>\n\n\n\n<p class=\"has-text-align-center has-text-color\" id=\"A_Contacts\" style=\"color:#062a4a;font-size:25px\"><strong>CONTACTS<\/strong><\/p>\n\n\n\n<p class=\"has-text-align-center\">Please contact <a href=\"mailto:m.paolanti@staff.univpm.it\" data-type=\"URL\">Marina Paolanti<\/a> if you have any questions or concerns.<\/p>\n","protected":false},"excerpt":{"rendered":"<p>Day: October 24th 2022 (half day &#8211; morning)Time: TBDLocation: Expo Tel Aviv International Convention Center and virtual Slides, material and recorded videos will be provided on this page OVERVIEW The use of 3D point clouds for Cultural Heritage (CH) assets is becoming paramount, since they allow metric and morphological analyses impossible with the use of<a class=\"more-link\" href=\"https:\/\/d2ch-eccv.dii.univpm.it\/\">Leggi tutto &#10230;<\/a><\/p>\n","protected":false},"author":3,"featured_media":114,"parent":0,"menu_order":0,"comment_status":"closed","ping_status":"closed","template":"","meta":{"footnotes":""},"class_list":["post-16","page","type-page","status-publish","has-post-thumbnail","hentry"],"_links":{"self":[{"href":"https:\/\/d2ch-eccv.dii.univpm.it\/index.php\/wp-json\/wp\/v2\/pages\/16","targetHints":{"allow":["GET"]}}],"collection":[{"href":"https:\/\/d2ch-eccv.dii.univpm.it\/index.php\/wp-json\/wp\/v2\/pages"}],"about":[{"href":"https:\/\/d2ch-eccv.dii.univpm.it\/index.php\/wp-json\/wp\/v2\/types\/page"}],"author":[{"embeddable":true,"href":"https:\/\/d2ch-eccv.dii.univpm.it\/index.php\/wp-json\/wp\/v2\/users\/3"}],"replies":[{"embeddable":true,"href":"https:\/\/d2ch-eccv.dii.univpm.it\/index.php\/wp-json\/wp\/v2\/comments?post=16"}],"version-history":[{"count":344,"href":"https:\/\/d2ch-eccv.dii.univpm.it\/index.php\/wp-json\/wp\/v2\/pages\/16\/revisions"}],"predecessor-version":[{"id":87991,"href":"https:\/\/d2ch-eccv.dii.univpm.it\/index.php\/wp-json\/wp\/v2\/pages\/16\/revisions\/87991"}],"wp:featuredmedia":[{"embeddable":true,"href":"https:\/\/d2ch-eccv.dii.univpm.it\/index.php\/wp-json\/wp\/v2\/media\/114"}],"wp:attachment":[{"href":"https:\/\/d2ch-eccv.dii.univpm.it\/index.php\/wp-json\/wp\/v2\/media?parent=16"}],"curies":[{"name":"wp","href":"https:\/\/api.w.org\/{rel}","templated":true}]}}